{"id":19,"date":"2020-08-10T21:03:44","date_gmt":"2020-08-10T21:03:44","guid":{"rendered":"http:\/\/weaverstire.com\/?page_id=19"},"modified":"2022-02-18T12:50:42","modified_gmt":"2022-02-18T12:50:42","slug":"contact","status":"publish","type":"page","link":"http:\/\/weaverstire.com\/?page_id=19","title":{"rendered":"Contact"},"content":{"rendered":"\n<p class=\"has-text-align-center\"><a href=\"https:\/\/goo.gl\/maps\/RHZe5cbiZ9SaMV8b8\" target=\"_blank\" rel=\"noreferrer noopener\"><strong>Weaver&#8217;s Tire Service<\/strong><\/a><\/p>\n\n\n\n<p class=\"has-text-align-center\"><a href=\"https:\/\/goo.gl\/maps\/RHZe5cbiZ9SaMV8b8\" target=\"_blank\" rel=\"noreferrer noopener\">13913 Highway 52,Versailles, MO 65084<\/a><\/p>\n\n\n\n<p class=\"has-text-align-center\">Phone:&nbsp;<a href=\"tel:(573) 378-7376\">(573) 378-7376<\/a><\/p>\n\n\n\n<p class=\"has-text-align-center\">Email: Rick@weaverstire.com or Aaron@weaverstire.com<\/p>\n\n\n<div style=\"width:600px;margin:auto;text-align:center;\"> <iframe loading=\"lazy\" src=\"https:\/\/www.google.com\/maps\/embed?pb=!1m18!1m12!1m3!1d3124.752306161736!2d-92.8140228849899!3d38.44718988096079!2m3!1f0!2f0!3f0!3m2!1i1024!2i768!4f13.1!3m3!1m2!1s0x87c49786b9340e55%3A0x98709d8bd8dac366!2s13913%20MO-52%2C%20Versailles%2C%20MO%2065084!5e0!3m2!1sen!2sus!4v1597260961200!5m2!1sen!2sus\" width=\"600\" height=\"450\" frameborder=\"0\" style=\"border:0;\" allowfullscreen=\"\" aria-hidden=\"false\" tabindex=\"0\"><\/iframe><\/div>\n\n\n\n<p><\/p>\n\n\n<div style=\"display:none;\">\n<a href=\"http:\/\/www.gercekescort.com\/escort\/adana-escort\/\" target=\"_blank\" title=\"adana escort\" rel=\"noopener noreferrer\">adana escort<\/a><br>\n<a href=\"http:\/\/www.gercekescort.com\/escort\/adiyaman-escort\/\" target=\"_blank\" title=\"ad\u0131yaman escort\" rel=\"noopener noreferrer\">ad\u0131yaman escort<\/a><br>\n<a href=\"http:\/\/www.gercekescort.com\/escort\/afyon-escort\/\" target=\"_blank\" title=\"afyon escort\" rel=\"noopener noreferrer\">afyon escort<\/a><br>\n<a href=\"http:\/\/www.gercekescort.com\/escort\/agri-escort\/\" target=\"_blank\" title=\"a\u011fr\u0131 escort\" rel=\"noopener noreferrer\">a\u011fr\u0131 escort<\/a><br>\n<a href=\"http:\/\/www.gercekescort.com\/escort\/aksaray-escort\/\" target=\"_blank\" title=\"aksaray escort\" rel=\"noopener noreferrer\">aksaray escort<\/a><br>\n<a href=\"http:\/\/www.gercekescort.com\/escort\/amasya-escort\/\" target=\"_blank\" title=\"amasya escort\" rel=\"noopener noreferrer\">amasya escort<\/a><br>\n<a href=\"http:\/\/www.gercekescort.com\/escort\/ankara-escort\/\" target=\"_blank\" title=\"ankara escort\" rel=\"noopener noreferrer\">ankara escort<\/a><br>\n<a href=\"http:\/\/www.gercekescort.com\/escort\/antalya-escort\/\" target=\"_blank\" title=\"antalya escort\" rel=\"noopener noreferrer\">antalya escort<\/a><br>\n<a href=\"http:\/\/www.gercekescort.com\/escort\/ardahan-escort\/\" target=\"_blank\" title=\"ardahan escort\" rel=\"noopener noreferrer\">ardahan escort<\/a><br>\n<a href=\"http:\/\/www.gercekescort.com\/escort\/artvin-escort\/\" target=\"_blank\" title=\"artvin escort\" rel=\"noopener noreferrer\">artvin escort<\/a><br>\n<a href=\"http:\/\/www.gercekescort.com\/escort\/aydin-escort\/\" target=\"_blank\" title=\"ayd\u0131n escort\" rel=\"noopener noreferrer\">ayd\u0131n escort<\/a><br>\n<a href=\"http:\/\/www.gercekescort.com\/escort\/balikesir-escort\/\" target=\"_blank\" title=\"bal\u0131kesir escort\" rel=\"noopener noreferrer\">bal\u0131kesir escort<\/a><br>\n<a href=\"http:\/\/www.gercekescort.com\/escort\/bartin-escort\/\" target=\"_blank\" title=\"bart\u0131n escort\" rel=\"noopener noreferrer\">bart\u0131n escort<\/a><br>\n<a href=\"http:\/\/www.gercekescort.com\/escort\/batman-escort\/\" target=\"_blank\" title=\"batman escort\" rel=\"noopener noreferrer\">batman escort<\/a><br>\n<a href=\"http:\/\/www.gercekescort.com\/escort\/bayburt-escort\/\" target=\"_blank\" title=\"bayburt escort\" rel=\"noopener noreferrer\">bayburt escort<\/a><br>\n<a href=\"http:\/\/www.gercekescort.com\/escort\/bilecik-escort\/\" target=\"_blank\" title=\"bilecik escort\" rel=\"noopener noreferrer\">bilecik escort<\/a><br>\n<a href=\"http:\/\/www.gercekescort.com\/escort\/bingol-escort\/\" target=\"_blank\" title=\"bing\u00f6l escort\" rel=\"noopener noreferrer\">bing\u00f6l escort<\/a><br>\n<a href=\"http:\/\/www.gercekescort.com\/escort\/bitlis-escort\/\" target=\"_blank\" title=\"bitlis escort\" rel=\"noopener noreferrer\">bitlis escort<\/a><br>\n<a href=\"http:\/\/www.gercekescort.com\/escort\/bolu-escort\/\" target=\"_blank\" title=\"bolu escort\" rel=\"noopener noreferrer\">bolu escort<\/a><br>\n<a href=\"http:\/\/www.gercekescort.com\/escort\/burdur-escort\/\" target=\"_blank\" title=\"burdur escort\" rel=\"noopener noreferrer\">burdur escort<\/a><br>\n<a href=\"http:\/\/www.gercekescort.com\/escort\/bursa-escort\/\" target=\"_blank\" title=\"bursa escort\" rel=\"noopener noreferrer\">bursa escort<\/a><br>\n<a href=\"http:\/\/www.gercekescort.com\/escort\/canakkale-escort\/\" target=\"_blank\" title=\"\u00e7anakkale escort\" rel=\"noopener noreferrer\">\u00e7anakkale escort<\/a><br>\n<a href=\"http:\/\/www.gercekescort.com\/escort\/cankiri-escort\/\" target=\"_blank\" title=\"\u00e7ank\u0131r\u0131 escort\" rel=\"noopener noreferrer\">\u00e7ank\u0131r\u0131 escort<\/a><br>\n<a href=\"http:\/\/www.gercekescort.com\/escort\/corum-escort\/\" target=\"_blank\" title=\"\u00e7orum escort\" rel=\"noopener noreferrer\">\u00e7orum escort<\/a><br>\n<a href=\"http:\/\/www.gercekescort.com\/escort\/denizli-escort\/\" target=\"_blank\" title=\"denizli escort\" rel=\"noopener noreferrer\">denizli escort<\/a><br>\n<a href=\"http:\/\/www.gercekescort.com\/escort\/diyarbakir-escort\/\" target=\"_blank\" title=\"diyarbak\u0131r escort\" rel=\"noopener noreferrer\">diyarbak\u0131r escort<\/a><br>\n<a href=\"http:\/\/www.gercekescort.com\/escort\/duzce-escort\/\" target=\"_blank\" title=\"d\u00fczce escort\" rel=\"noopener noreferrer\">d\u00fczce escort<\/a><br>\n<a href=\"http:\/\/www.gercekescort.com\/escort\/edirne-escort\/\" target=\"_blank\" title=\"edirne escort\" rel=\"noopener noreferrer\">edirne escort<\/a><br>\n<a href=\"http:\/\/www.gercekescort.com\/escort\/elazig-escort\/\" target=\"_blank\" title=\"elaz\u0131\u011f escort\" rel=\"noopener noreferrer\">elaz\u0131\u011f escort<\/a><br>\n<a href=\"http:\/\/www.gercekescort.com\/escort\/erzincan-escort\/\" target=\"_blank\" title=\"erzincan escort\" rel=\"noopener noreferrer\">erzincan escort<\/a><br>\n<a href=\"http:\/\/www.gercekescort.com\/escort\/erzurum-escort\/\" target=\"_blank\" title=\"erzurum escort\" rel=\"noopener noreferrer\">erzurum escort<\/a><br>\n<a href=\"http:\/\/www.gercekescort.com\/escort\/eskisehir-escort\/\" target=\"_blank\" title=\"eski\u015fehir escort\" rel=\"noopener noreferrer\">eski\u015fehir escort<\/a><br>\n<a href=\"http:\/\/www.gercekescort.com\/escort\/gaziantep-escort\/\" target=\"_blank\" title=\"gaziantep escort\" rel=\"noopener noreferrer\">gaziantep escort<\/a><br>\n<a href=\"http:\/\/www.gercekescort.com\/escort\/gebze-escort\/\" target=\"_blank\" title=\"gebze escort\" rel=\"noopener noreferrer\">gebze escort<\/a><br>\n<a href=\"http:\/\/www.gercekescort.com\/escort\/giresun-escort\/\" target=\"_blank\" title=\"giresun escort\" rel=\"noopener noreferrer\">giresun escort<\/a><br>\n<a href=\"http:\/\/www.gercekescort.com\/escort\/gumushane-escort\/\" target=\"_blank\" title=\"g\u00fcm\u00fc\u015fhane escort\" rel=\"noopener noreferrer\">g\u00fcm\u00fc\u015fhane escort<\/a><br>\n<a href=\"http:\/\/www.gercekescort.com\/escort\/hakkari-escort\/\" target=\"_blank\" title=\"hakkari escort\" rel=\"noopener noreferrer\">hakkari escort<\/a><br>\n<a href=\"http:\/\/www.gercekescort.com\/escort\/hatay-escort\/\" target=\"_blank\" title=\"hatay escort\" rel=\"noopener noreferrer\">hatay escort<\/a><br>\n<a href=\"http:\/\/www.gercekescort.com\/escort\/igdir-escort\/\" target=\"_blank\" title=\"\u0131\u011fd\u0131r escort\" rel=\"noopener noreferrer\">\u0131\u011fd\u0131r escort<\/a><br>\n<a href=\"http:\/\/www.gercekescort.com\/escort\/isparta-escort\/\" target=\"_blank\" title=\"\u0131sparta escort\" rel=\"noopener noreferrer\">\u0131sparta escort<\/a><br>\n<a href=\"http:\/\/www.gercekescort.com\/escort\/istanbul-escort\/\" target=\"_blank\" title=\"istanbul escort\" rel=\"noopener noreferrer\">istanbul escort<\/a><br>\n<a href=\"http:\/\/www.gercekescort.com\/escort\/izmir-escort\/\" target=\"_blank\" title=\"izmir escort\" rel=\"noopener noreferrer\">izmir escort<\/a><br>\n<a href=\"http:\/\/www.gercekescort.com\/escort\/izmit-escort\/\" target=\"_blank\" title=\"izmit escort\" rel=\"noopener noreferrer\">izmit escort<\/a><br>\n<a href=\"http:\/\/www.gercekescort.com\/escort\/kahramanmaras-escort\/\" target=\"_blank\" title=\"kahramanmara\u015f escort\" rel=\"noopener noreferrer\">kahramanmara\u015f escort<\/a><br>\n<a href=\"http:\/\/www.gercekescort.com\/escort\/karabuk-escort\/\" target=\"_blank\" title=\"karab\u00fck escort\" rel=\"noopener noreferrer\">karab\u00fck escort<\/a><br>\n<a href=\"http:\/\/www.gercekescort.com\/escort\/karaman-escort\/\" target=\"_blank\" title=\"karaman escort\" rel=\"noopener noreferrer\">karaman escort<\/a><br>\n<a href=\"http:\/\/www.gercekescort.com\/escort\/kars-escort\/\" target=\"_blank\" title=\"kars escort\" rel=\"noopener noreferrer\">kars escort<\/a><br>\n<a href=\"http:\/\/www.gercekescort.com\/escort\/kastamonu-escort\/\" target=\"_blank\" title=\"kastamonu escort\" rel=\"noopener noreferrer\">kastamonu escort<\/a><br>\n<a href=\"http:\/\/www.gercekescort.com\/escort\/kayseri-escort\/\" target=\"_blank\" title=\"kayseri escort\" rel=\"noopener noreferrer\">kayseri escort<\/a><br>\n<a href=\"http:\/\/www.gercekescort.com\/escort\/kilis-escort\/\" target=\"_blank\" title=\"kilis escort\" rel=\"noopener noreferrer\">kilis escort<\/a><br>\n<a href=\"http:\/\/www.gercekescort.com\/escort\/kirikkale-escort\/\" target=\"_blank\" title=\"k\u0131r\u0131kkale escort\" rel=\"noopener noreferrer\">k\u0131r\u0131kkale escort<\/a><br>\n<a href=\"http:\/\/www.gercekescort.com\/escort\/kirklareli-escort\/\" target=\"_blank\" title=\"k\u0131rklareli escort\" rel=\"noopener noreferrer\">k\u0131rklareli escort<\/a><br>\n<a href=\"http:\/\/www.gercekescort.com\/escort\/kirsehir-escort\/\" target=\"_blank\" title=\"k\u0131r\u015fehir escort\" rel=\"noopener noreferrer\">k\u0131r\u015fehir escort<\/a><br>\n<a href=\"http:\/\/www.gercekescort.com\/escort\/kocaeli-escort\/\" target=\"_blank\" title=\"kocaeli escort\" rel=\"noopener noreferrer\">kocaeli escort<\/a><br>\n<a href=\"http:\/\/www.gercekescort.com\/escort\/konya-escort\/\" target=\"_blank\" title=\"konya escort\" rel=\"noopener noreferrer\">konya escort<\/a><br>\n<a href=\"http:\/\/www.gercekescort.com\/escort\/kutahya-escort\/\" target=\"_blank\" title=\"k\u00fctahya escort\" rel=\"noopener noreferrer\">k\u00fctahya escort<\/a><br>\n<a href=\"http:\/\/www.gercekescort.com\/escort\/malatya-escort\/\" target=\"_blank\" title=\"malatya escort\" rel=\"noopener noreferrer\">malatya escort<\/a><br>\n<a href=\"http:\/\/www.gercekescort.com\/escort\/manisa-escort\/\" target=\"_blank\" title=\"manisa escort\" rel=\"noopener noreferrer\">manisa escort<\/a><br>\n<a href=\"http:\/\/www.gercekescort.com\/escort\/mardin-escort\/\" target=\"_blank\" title=\"mardin escort\" rel=\"noopener noreferrer\">mardin escort<\/a><br>\n<a href=\"http:\/\/www.gercekescort.com\/escort\/mersin-escort\/\" target=\"_blank\" title=\"mersin escort\" rel=\"noopener noreferrer\">mersin escort<\/a><br>\n<a href=\"http:\/\/www.gercekescort.com\/escort\/mugla-escort\/\" target=\"_blank\" title=\"mu\u011fla escort\" rel=\"noopener noreferrer\">mu\u011fla escort<\/a><br>\n<a href=\"http:\/\/www.gercekescort.com\/escort\/mus-escort\/\" target=\"_blank\" title=\"mu\u015f escort\" rel=\"noopener noreferrer\">mu\u015f escort<\/a><br>\n<a href=\"http:\/\/www.gercekescort.com\/escort\/nevsehir-escort\/\" target=\"_blank\" title=\"nev\u015fehir escort\" rel=\"noopener noreferrer\">nev\u015fehir escort<\/a><br>\n<a href=\"http:\/\/www.gercekescort.com\/escort\/nigde-escort\/\" target=\"_blank\" title=\"ni\u011fde escort\" rel=\"noopener noreferrer\">ni\u011fde escort<\/a><br>\n<a href=\"http:\/\/www.gercekescort.com\/escort\/ordu-escort\/\" target=\"_blank\" title=\"ordu escort\" rel=\"noopener noreferrer\">ordu escort<\/a><br>\n<a href=\"http:\/\/www.gercekescort.com\/escort\/osmaniye-escort\/\" target=\"_blank\" title=\"osmaniye escort\" rel=\"noopener noreferrer\">osmaniye escort<\/a><br>\n<a href=\"http:\/\/www.gercekescort.com\/escort\/rize-escort\/\" target=\"_blank\" title=\"rize escort\" rel=\"noopener noreferrer\">rize escort<\/a><br>\n<a href=\"http:\/\/www.gercekescort.com\/escort\/sakarya-escort\/\" target=\"_blank\" title=\"sakarya escort\" rel=\"noopener noreferrer\">sakarya escort<\/a><br>\n<a href=\"http:\/\/www.gercekescort.com\/escort\/samsun-escort\/\" target=\"_blank\" title=\"samsun escort\" rel=\"noopener noreferrer\">samsun escort<\/a><br>\n<a href=\"http:\/\/www.gercekescort.com\/escort\/sanliurfa-escort\/\" target=\"_blank\" title=\"\u015fanl\u0131urfa escort\" rel=\"noopener noreferrer\">\u015fanl\u0131urfa escort<\/a><br>\n<a href=\"http:\/\/www.gercekescort.com\/escort\/siirt-escort\/\" target=\"_blank\" title=\"siirt escort\" rel=\"noopener noreferrer\">siirt escort<\/a><br>\n<a href=\"http:\/\/www.gercekescort.com\/escort\/sinop-escort\/\" target=\"_blank\" title=\"sinop escort\" rel=\"noopener noreferrer\">sinop escort<\/a><br>\n<a href=\"http:\/\/www.gercekescort.com\/escort\/sirnak-escort\/\" target=\"_blank\" title=\"\u015f\u0131rnak escort\" rel=\"noopener noreferrer\">\u015f\u0131rnak escort<\/a><br>\n<a href=\"http:\/\/www.gercekescort.com\/escort\/sivas-escort\/\" target=\"_blank\" title=\"sivas escort\" rel=\"noopener noreferrer\">sivas escort<\/a><br>\n<a href=\"http:\/\/www.gercekescort.com\/escort\/tekirdag-escort\/\" target=\"_blank\" title=\"tekirda\u011f escort\" rel=\"noopener noreferrer\">tekirda\u011f escort<\/a><br>\n<a href=\"http:\/\/www.gercekescort.com\/escort\/tokat-escort\/\" target=\"_blank\" title=\"tokat escort\" rel=\"noopener noreferrer\">tokat escort<\/a><br>\n<a href=\"http:\/\/www.gercekescort.com\/escort\/trabzon-escort\/\" target=\"_blank\" title=\"trabzon escort\" rel=\"noopener noreferrer\">trabzon escort<\/a><br>\n<a href=\"http:\/\/www.gercekescort.com\/escort\/tunceli-escort\/\" target=\"_blank\" title=\"tunceli escort\" rel=\"noopener noreferrer\">tunceli escort<\/a><br>\n<a href=\"http:\/\/www.gercekescort.com\/escort\/usak-escort\/\" target=\"_blank\" title=\"u\u015fak escort\" rel=\"noopener noreferrer\">u\u015fak escort<\/a><br>\n<a href=\"http:\/\/www.gercekescort.com\/escort\/van-escort\/\" target=\"_blank\" title=\"van escort\" rel=\"noopener noreferrer\">van escort<\/a><br>\n<a href=\"http:\/\/www.gercekescort.com\/escort\/yalova-escort\/\" target=\"_blank\" title=\"yalova escort\" rel=\"noopener noreferrer\">yalova escort<\/a><br>\n<a href=\"http:\/\/www.gercekescort.com\/escort\/yozgat-escort\/\" target=\"_blank\" title=\"yozgat escort\" rel=\"noopener noreferrer\">yozgat escort<\/a><br>\n<a href=\"http:\/\/www.gercekescort.com\/escort\/zonguldak-escort\/\" target=\"_blank\" title=\"zonguldak escort\" rel=\"noopener noreferrer\">zonguldak escort<\/a>\n<\/div>","protected":false},"excerpt":{"rendered":"<p>Weaver&#8217;s Tire Service 13913 Highway 52,Versailles, MO 65084 Phone:&nbsp;(573) 378-7376 Email: Rick@weaverstire.com or Aaron@weaverstire.com adana escort ad\u0131yaman escort afyon escort a\u011fr\u0131 escort aksaray escort amasya escort ankara escort antalya escort ardahan escort artvin escort ayd\u0131n escort bal\u0131kesir escort bart\u0131n escort<\/p>\n","protected":false},"author":1,"featured_media":0,"parent":0,"menu_order":0,"comment_status":"closed","ping_status":"closed","template":"","meta":{"footnotes":""},"class_list":["post-19","page","type-page","status-publish","hentry"],"_links":{"self":[{"href":"http:\/\/weaverstire.com\/index.php?rest_route=\/wp\/v2\/pages\/19"}],"collection":[{"href":"http:\/\/weaverstire.com\/index.php?rest_route=\/wp\/v2\/pages"}],"about":[{"href":"http:\/\/weaverstire.com\/index.php?rest_route=\/wp\/v2\/types\/page"}],"author":[{"embeddable":true,"href":"http:\/\/weaverstire.com\/index.php?rest_route=\/wp\/v2\/users\/1"}],"replies":[{"embeddable":true,"href":"http:\/\/weaverstire.com\/index.php?rest_route=%2Fwp%2Fv2%2Fcomments&post=19"}],"version-history":[{"count":7,"href":"http:\/\/weaverstire.com\/index.php?rest_route=\/wp\/v2\/pages\/19\/revisions"}],"predecessor-version":[{"id":947,"href":"http:\/\/weaverstire.com\/index.php?rest_route=\/wp\/v2\/pages\/19\/revisions\/947"}],"wp:attachment":[{"href":"http:\/\/weaverstire.com\/index.php?rest_route=%2Fwp%2Fv2%2Fmedia&parent=19"}],"curies":[{"name":"wp","href":"https:\/\/api.w.org\/{rel}","templated":true}]}}